{"id":6,"date":"2019-02-27T11:21:53","date_gmt":"2019-02-27T11:21:53","guid":{"rendered":"https:\/\/blog.concept-advertising.ro\/index\/"},"modified":"2025-06-26T08:09:40","modified_gmt":"2025-06-26T08:09:40","slug":"index","status":"publish","type":"page","link":"https:\/\/concept-advertising.ro\/agentie-publicitate\/","title":{"rendered":"Concept Advertising | Web Design Brasov | Grafica publicitara"},"content":{"rendered":"\n<h2 class=\"wp-block-heading\"> Concept Advertising | Web Design Brasov | Grafica publicitara<\/h2>\n\n\n\n<p>Concept Advertising &#8211; este o agen\u0163ie de digital marketing care dezvolta solu\u021bii inedite de design \u015fi marketing, \u00eembun\u0103t\u0103\u021bim branding-ul, construim strategii de con\u0163inut \u015fi cre\u0219tem traficul site-ului t\u0103u. <\/p>\n\n\n\n<h2 class=\"wp-block-heading\">Servicii:<\/h2>\n\n\n\n<ul class=\"wp-block-list\"><li>web design<\/li><li>optimizare SEO<\/li><li>campanii promovare<\/li><li>design publicitar<\/li><li>logo<\/li><li>afi\u0219<\/li><li>carti de vizita<\/li><li>flyer<\/li><li>mape<\/li><li>trifolder<\/li><\/ul>\n\n\n\n<h2 class=\"wp-block-heading\">Cum lucram : Etapele unui proiect<\/h2>\n\n\n\n<ul class=\"wp-block-list\"><li>Analizam Proiectul<\/li><li>G\u0103sim Solu\u0163ii<\/li><li>Creare Design<\/li><li>Dezvoltare Proiect<\/li><li>Livram proiectul si asiguram mentenanta<\/li><\/ul>\n","protected":false},"excerpt":{"rendered":"<p>Concept Advertising | Web Design Brasov | Grafica publicitara Concept Advertising &#8211; este o agen\u0163ie de digital marketing care dezvolta solu\u021bii inedite de design \u015fi marketing, \u00eembun\u0103t\u0103\u021bim branding-ul, construim strategii de con\u0163inut \u015fi cre\u0219tem traficul[&#8230;]<\/p>\n","protected":false},"author":1,"featured_media":9,"parent":0,"menu_order":0,"comment_status":"closed","ping_status":"closed","template":"mxp_theme\/index.php","meta":{"footnotes":""},"class_list":["post-6","page","type-page","status-publish","has-post-thumbnail","hentry"],"yoast_head":"<!-- This site is optimized with the Yoast SEO plugin v27.5 - https:\/\/yoast.com\/product\/yoast-seo-wordpress\/ -->\n<title>Concept Advertising - Web Design Brasov - Grafica publicitara<\/title>\n<meta name=\"description\" content=\"Concept Advertising - Web Design Brasov - Grafica publicitara. Agentie de digital marketing care dezvolta website-uri inedite.\" \/>\n<meta name=\"robots\" content=\"index, follow, max-snippet:-1, max-image-preview:large, max-video-preview:-1\" \/>\n<link rel=\"canonical\" href=\"https:\/\/concept-advertising.ro\/agentie-publicitate\/\" \/>\n<meta property=\"og:locale\" content=\"ro_RO\" \/>\n<meta property=\"og:type\" content=\"article\" \/>\n<meta property=\"og:title\" content=\"Concept Advertising - Web Design Brasov - Grafica publicitara\" \/>\n<meta property=\"og:description\" content=\"Concept Advertising - Web Design Brasov - Grafica publicitara. Agentie de digital marketing care dezvolta website-uri inedite.\" \/>\n<meta property=\"og:url\" content=\"https:\/\/concept-advertising.ro\/agentie-publicitate\/\" \/>\n<meta property=\"og:site_name\" content=\"Concept Advertising\" \/>\n<meta property=\"article:publisher\" content=\"https:\/\/www.facebook.com\/ConceptAdvertising.ro\/\" \/>\n<meta property=\"article:modified_time\" content=\"2025-06-26T08:09:40+00:00\" \/>\n<meta property=\"og:image\" content=\"https:\/\/concept-advertising.ro\/agentie-publicitate\/wp-content\/uploads\/2019\/02\/4e1c4330742413.5630d8c742e83.jpg\" \/>\n\t<meta property=\"og:image:width\" content=\"1920\" \/>\n\t<meta property=\"og:image:height\" content=\"1080\" \/>\n\t<meta property=\"og:image:type\" content=\"image\/jpeg\" \/>\n<meta name=\"twitter:card\" content=\"summary_large_image\" \/>\n<script type=\"application\/ld+json\" class=\"yoast-schema-graph\">{\"@context\":\"https:\\\/\\\/schema.org\",\"@graph\":[{\"@type\":\"WebPage\",\"@id\":\"https:\\\/\\\/concept-advertising.ro\\\/agentie-publicitate\\\/\",\"url\":\"https:\\\/\\\/concept-advertising.ro\\\/agentie-publicitate\\\/\",\"name\":\"Concept Advertising - Web Design Brasov - Grafica publicitara\",\"isPartOf\":{\"@id\":\"https:\\\/\\\/concept-advertising.ro\\\/agentie-publicitate\\\/#website\"},\"primaryImageOfPage\":{\"@id\":\"https:\\\/\\\/concept-advertising.ro\\\/agentie-publicitate\\\/#primaryimage\"},\"image\":{\"@id\":\"https:\\\/\\\/concept-advertising.ro\\\/agentie-publicitate\\\/#primaryimage\"},\"thumbnailUrl\":\"https:\\\/\\\/concept-advertising.ro\\\/agentie-publicitate\\\/wp-content\\\/uploads\\\/2019\\\/02\\\/4e1c4330742413.5630d8c742e83.jpg\",\"datePublished\":\"2019-02-27T11:21:53+00:00\",\"dateModified\":\"2025-06-26T08:09:40+00:00\",\"description\":\"Concept Advertising - Web Design Brasov - Grafica publicitara. Agentie de digital marketing care dezvolta website-uri inedite.\",\"breadcrumb\":{\"@id\":\"https:\\\/\\\/concept-advertising.ro\\\/agentie-publicitate\\\/#breadcrumb\"},\"inLanguage\":\"ro-RO\",\"potentialAction\":[{\"@type\":\"ReadAction\",\"target\":[\"https:\\\/\\\/concept-advertising.ro\\\/agentie-publicitate\\\/\"]}]},{\"@type\":\"ImageObject\",\"inLanguage\":\"ro-RO\",\"@id\":\"https:\\\/\\\/concept-advertising.ro\\\/agentie-publicitate\\\/#primaryimage\",\"url\":\"https:\\\/\\\/concept-advertising.ro\\\/agentie-publicitate\\\/wp-content\\\/uploads\\\/2019\\\/02\\\/4e1c4330742413.5630d8c742e83.jpg\",\"contentUrl\":\"https:\\\/\\\/concept-advertising.ro\\\/agentie-publicitate\\\/wp-content\\\/uploads\\\/2019\\\/02\\\/4e1c4330742413.5630d8c742e83.jpg\",\"width\":1920,\"height\":1080},{\"@type\":\"BreadcrumbList\",\"@id\":\"https:\\\/\\\/concept-advertising.ro\\\/agentie-publicitate\\\/#breadcrumb\",\"itemListElement\":[{\"@type\":\"ListItem\",\"position\":1,\"name\":\"Prima pagin\u0103\",\"item\":\"https:\\\/\\\/concept-advertising.ro\\\/agentie-publicitate\\\/\"},{\"@type\":\"ListItem\",\"position\":2,\"name\":\"Concept Advertising | Web Design Brasov | Grafica publicitara\"}]},{\"@type\":\"WebSite\",\"@id\":\"https:\\\/\\\/concept-advertising.ro\\\/agentie-publicitate\\\/#website\",\"url\":\"https:\\\/\\\/concept-advertising.ro\\\/agentie-publicitate\\\/\",\"name\":\"Concept Advertising\",\"description\":\"Agentie de creatie, productie publicitara, web design si dezvoltare solutii de digital marketing.\",\"publisher\":{\"@id\":\"https:\\\/\\\/concept-advertising.ro\\\/agentie-publicitate\\\/#organization\"},\"potentialAction\":[{\"@type\":\"SearchAction\",\"target\":{\"@type\":\"EntryPoint\",\"urlTemplate\":\"https:\\\/\\\/concept-advertising.ro\\\/agentie-publicitate\\\/?s={search_term_string}\"},\"query-input\":{\"@type\":\"PropertyValueSpecification\",\"valueRequired\":true,\"valueName\":\"search_term_string\"}}],\"inLanguage\":\"ro-RO\"},{\"@type\":\"Organization\",\"@id\":\"https:\\\/\\\/concept-advertising.ro\\\/agentie-publicitate\\\/#organization\",\"name\":\"CONCEPT ADVERTISING grafica si productie publicitara, web design, optimizare seo\",\"url\":\"https:\\\/\\\/concept-advertising.ro\\\/agentie-publicitate\\\/\",\"logo\":{\"@type\":\"ImageObject\",\"inLanguage\":\"ro-RO\",\"@id\":\"https:\\\/\\\/concept-advertising.ro\\\/agentie-publicitate\\\/#\\\/schema\\\/logo\\\/image\\\/\",\"url\":\"https:\\\/\\\/i1.wp.com\\\/concept-advertising.ro\\\/agentie-publicitate\\\/wp-content\\\/uploads\\\/2019\\\/06\\\/logo-01.jpg?fit=613%2C613&ssl=1\",\"contentUrl\":\"https:\\\/\\\/i1.wp.com\\\/concept-advertising.ro\\\/agentie-publicitate\\\/wp-content\\\/uploads\\\/2019\\\/06\\\/logo-01.jpg?fit=613%2C613&ssl=1\",\"width\":613,\"height\":613,\"caption\":\"CONCEPT ADVERTISING grafica si productie publicitara, web design, optimizare seo\"},\"image\":{\"@id\":\"https:\\\/\\\/concept-advertising.ro\\\/agentie-publicitate\\\/#\\\/schema\\\/logo\\\/image\\\/\"},\"sameAs\":[\"https:\\\/\\\/www.facebook.com\\\/ConceptAdvertising.ro\\\/\",\"https:\\\/\\\/www.instagram.com\\\/mariangiuglea\\\/\",\"https:\\\/\\\/www.linkedin.com\\\/company\\\/35630544\",\"https:\\\/\\\/ro.pinterest.com\\\/conceptadvertisingbrasov\\\/\"]}]}<\/script>\n<!-- \/ Yoast SEO plugin. -->","yoast_head_json":{"title":"Concept Advertising - Web Design Brasov - Grafica publicitara","description":"Concept Advertising - Web Design Brasov - Grafica publicitara. Agentie de digital marketing care dezvolta website-uri inedite.","robots":{"index":"index","follow":"follow","max-snippet":"max-snippet:-1","max-image-preview":"max-image-preview:large","max-video-preview":"max-video-preview:-1"},"canonical":"https:\/\/concept-advertising.ro\/agentie-publicitate\/","og_locale":"ro_RO","og_type":"article","og_title":"Concept Advertising - Web Design Brasov - Grafica publicitara","og_description":"Concept Advertising - Web Design Brasov - Grafica publicitara. Agentie de digital marketing care dezvolta website-uri inedite.","og_url":"https:\/\/concept-advertising.ro\/agentie-publicitate\/","og_site_name":"Concept Advertising","article_publisher":"https:\/\/www.facebook.com\/ConceptAdvertising.ro\/","article_modified_time":"2025-06-26T08:09:40+00:00","og_image":[{"width":1920,"height":1080,"url":"https:\/\/concept-advertising.ro\/agentie-publicitate\/wp-content\/uploads\/2019\/02\/4e1c4330742413.5630d8c742e83.jpg","type":"image\/jpeg"}],"twitter_card":"summary_large_image","schema":{"@context":"https:\/\/schema.org","@graph":[{"@type":"WebPage","@id":"https:\/\/concept-advertising.ro\/agentie-publicitate\/","url":"https:\/\/concept-advertising.ro\/agentie-publicitate\/","name":"Concept Advertising - Web Design Brasov - Grafica publicitara","isPartOf":{"@id":"https:\/\/concept-advertising.ro\/agentie-publicitate\/#website"},"primaryImageOfPage":{"@id":"https:\/\/concept-advertising.ro\/agentie-publicitate\/#primaryimage"},"image":{"@id":"https:\/\/concept-advertising.ro\/agentie-publicitate\/#primaryimage"},"thumbnailUrl":"https:\/\/concept-advertising.ro\/agentie-publicitate\/wp-content\/uploads\/2019\/02\/4e1c4330742413.5630d8c742e83.jpg","datePublished":"2019-02-27T11:21:53+00:00","dateModified":"2025-06-26T08:09:40+00:00","description":"Concept Advertising - Web Design Brasov - Grafica publicitara. Agentie de digital marketing care dezvolta website-uri inedite.","breadcrumb":{"@id":"https:\/\/concept-advertising.ro\/agentie-publicitate\/#breadcrumb"},"inLanguage":"ro-RO","potentialAction":[{"@type":"ReadAction","target":["https:\/\/concept-advertising.ro\/agentie-publicitate\/"]}]},{"@type":"ImageObject","inLanguage":"ro-RO","@id":"https:\/\/concept-advertising.ro\/agentie-publicitate\/#primaryimage","url":"https:\/\/concept-advertising.ro\/agentie-publicitate\/wp-content\/uploads\/2019\/02\/4e1c4330742413.5630d8c742e83.jpg","contentUrl":"https:\/\/concept-advertising.ro\/agentie-publicitate\/wp-content\/uploads\/2019\/02\/4e1c4330742413.5630d8c742e83.jpg","width":1920,"height":1080},{"@type":"BreadcrumbList","@id":"https:\/\/concept-advertising.ro\/agentie-publicitate\/#breadcrumb","itemListElement":[{"@type":"ListItem","position":1,"name":"Prima pagin\u0103","item":"https:\/\/concept-advertising.ro\/agentie-publicitate\/"},{"@type":"ListItem","position":2,"name":"Concept Advertising | Web Design Brasov | Grafica publicitara"}]},{"@type":"WebSite","@id":"https:\/\/concept-advertising.ro\/agentie-publicitate\/#website","url":"https:\/\/concept-advertising.ro\/agentie-publicitate\/","name":"Concept Advertising","description":"Agentie de creatie, productie publicitara, web design si dezvoltare solutii de digital marketing.","publisher":{"@id":"https:\/\/concept-advertising.ro\/agentie-publicitate\/#organization"},"potentialAction":[{"@type":"SearchAction","target":{"@type":"EntryPoint","urlTemplate":"https:\/\/concept-advertising.ro\/agentie-publicitate\/?s={search_term_string}"},"query-input":{"@type":"PropertyValueSpecification","valueRequired":true,"valueName":"search_term_string"}}],"inLanguage":"ro-RO"},{"@type":"Organization","@id":"https:\/\/concept-advertising.ro\/agentie-publicitate\/#organization","name":"CONCEPT ADVERTISING grafica si productie publicitara, web design, optimizare seo","url":"https:\/\/concept-advertising.ro\/agentie-publicitate\/","logo":{"@type":"ImageObject","inLanguage":"ro-RO","@id":"https:\/\/concept-advertising.ro\/agentie-publicitate\/#\/schema\/logo\/image\/","url":"https:\/\/i1.wp.com\/concept-advertising.ro\/agentie-publicitate\/wp-content\/uploads\/2019\/06\/logo-01.jpg?fit=613%2C613&ssl=1","contentUrl":"https:\/\/i1.wp.com\/concept-advertising.ro\/agentie-publicitate\/wp-content\/uploads\/2019\/06\/logo-01.jpg?fit=613%2C613&ssl=1","width":613,"height":613,"caption":"CONCEPT ADVERTISING grafica si productie publicitara, web design, optimizare seo"},"image":{"@id":"https:\/\/concept-advertising.ro\/agentie-publicitate\/#\/schema\/logo\/image\/"},"sameAs":["https:\/\/www.facebook.com\/ConceptAdvertising.ro\/","https:\/\/www.instagram.com\/mariangiuglea\/","https:\/\/www.linkedin.com\/company\/35630544","https:\/\/ro.pinterest.com\/conceptadvertisingbrasov\/"]}]}},"_links":{"self":[{"href":"https:\/\/concept-advertising.ro\/agentie-publicitate\/wp-json\/wp\/v2\/pages\/6","targetHints":{"allow":["GET"]}}],"collection":[{"href":"https:\/\/concept-advertising.ro\/agentie-publicitate\/wp-json\/wp\/v2\/pages"}],"about":[{"href":"https:\/\/concept-advertising.ro\/agentie-publicitate\/wp-json\/wp\/v2\/types\/page"}],"author":[{"embeddable":true,"href":"https:\/\/concept-advertising.ro\/agentie-publicitate\/wp-json\/wp\/v2\/users\/1"}],"replies":[{"embeddable":true,"href":"https:\/\/concept-advertising.ro\/agentie-publicitate\/wp-json\/wp\/v2\/comments?post=6"}],"version-history":[{"count":1,"href":"https:\/\/concept-advertising.ro\/agentie-publicitate\/wp-json\/wp\/v2\/pages\/6\/revisions"}],"predecessor-version":[{"id":337,"href":"https:\/\/concept-advertising.ro\/agentie-publicitate\/wp-json\/wp\/v2\/pages\/6\/revisions\/337"}],"wp:featuredmedia":[{"embeddable":true,"href":"https:\/\/concept-advertising.ro\/agentie-publicitate\/wp-json\/wp\/v2\/media\/9"}],"wp:attachment":[{"href":"https:\/\/concept-advertising.ro\/agentie-publicitate\/wp-json\/wp\/v2\/media?parent=6"}],"curies":[{"name":"wp","href":"https:\/\/api.w.org\/{rel}","templated":true}]}}